{"id":6450,"date":"2016-05-17T21:38:06","date_gmt":"2016-05-17T21:38:06","guid":{"rendered":"https:\/\/www.creativodigital.net\/home\/?page_id=6450"},"modified":"2016-10-08T16:03:22","modified_gmt":"2016-10-08T16:03:22","slug":"servicios","status":"publish","type":"page","link":"https:\/\/www.creativodigital.net\/home\/servicios\/","title":{"rendered":"Soluciones"},"content":{"rendered":"<section class=\"wpb-content-wrapper\"><p>[vc_row heading_color=\u00bbprimary-1&#8243; section_type=\u00bbfullwidth-element\u00bb flex_height=\u00bbyes\u00bb][vc_column]<div class=\"eut-element eut-hr \" style=\"padding-top: 0px;padding-bottom: 0px;\"><div class=\"eut-dashed-line-divider\"><\/div><\/div><div class=\"eut-element eut-image-text\" style=\"margin-bottom: 0px;\"><div class=\"eut-image\"><img width=\"1500\" height=\"1000\" src=\"https:\/\/www.creativodigital.net\/home\/wp-content\/uploads\/2016\/05\/img_servicios_imagencorp.png\" class=\"attachment-full size-full\" alt=\"\" decoding=\"async\" loading=\"lazy\" srcset=\"https:\/\/www.creativodigital.net\/home\/wp-content\/uploads\/2016\/05\/img_servicios_imagencorp.png 1500w, https:\/\/www.creativodigital.net\/home\/wp-content\/uploads\/2016\/05\/img_servicios_imagencorp-300x200.png 300w, https:\/\/www.creativodigital.net\/home\/wp-content\/uploads\/2016\/05\/img_servicios_imagencorp-768x512.png 768w, https:\/\/www.creativodigital.net\/home\/wp-content\/uploads\/2016\/05\/img_servicios_imagencorp-1024x683.png 1024w\" sizes=\"(max-width: 1500px) 100vw, 1500px\" \/><\/div>  <div class=\"eut-content eut-align-left\"><h3>Imagen Corporativa<\/h3>  <p>Dise\u00f1amos a la medida de tu empresa.<\/p>\n<p>La imagen corporativa es el reflejo de los valores de una empresa, su cultura, filosof\u00eda y forma de trabajar. Es por eso que transmitirlos de forma correcta a los consumidores es importante. Es decir, el mensaje de lo que una empresa es o significa para la sociedad y como \u00e9sta la percibe.<br \/>\nPor esa raz\u00f3n despu\u00e9s de la creaci\u00f3n del logotipo y definici\u00f3n de las l\u00edneas b\u00e1sicas de su uso, dise\u00f1amos todos los elementos que lo presentan (dise\u00f1o de marca). Papeler\u00eda (cartas, sobres, sellos, etc.), tarjetas, rotulaci\u00f3n (de instalaciones, veh\u00edculos, etc.) y cualquier elemento visual que la actividad de la empresa requiera (men\u00fas, folletos, revistas, etc.)<br \/>\n<\/p>  <\/div><\/div><div class=\"eut-element eut-image-text\" style=\"margin-bottom: 0px;\">  <div class=\"eut-content eut-align-right\"><h3>Dise\u00f1o de Marca<\/h3>  <p>Tu marca debe ser memorable con car\u00e1cter y personalidad. Es tan importante que la primera impresi\u00f3n que se llevara el consumidor al verla puede definir su relaci\u00f3n con el producto, servicio o empresa. La marca no solo es un logotipo, es un activo de tu empresa, con valor, debe ser clara, \u00fanica con la finalidad de ser reconocida y recordada.<br \/>\n\u00bfQu\u00e9 deseas que tu marca transmita a tus clientes?<br \/>\n<\/p>  <\/div><div class=\"eut-image\"><img width=\"1500\" height=\"1125\" src=\"https:\/\/www.creativodigital.net\/home\/wp-content\/uploads\/2016\/05\/img_servicios_marca.png\" class=\"attachment-full size-full\" alt=\"\" decoding=\"async\" loading=\"lazy\" srcset=\"https:\/\/www.creativodigital.net\/home\/wp-content\/uploads\/2016\/05\/img_servicios_marca.png 1500w, https:\/\/www.creativodigital.net\/home\/wp-content\/uploads\/2016\/05\/img_servicios_marca-300x225.png 300w, https:\/\/www.creativodigital.net\/home\/wp-content\/uploads\/2016\/05\/img_servicios_marca-768x576.png 768w, https:\/\/www.creativodigital.net\/home\/wp-content\/uploads\/2016\/05\/img_servicios_marca-1024x768.png 1024w, https:\/\/www.creativodigital.net\/home\/wp-content\/uploads\/2016\/05\/img_servicios_marca-800x600.png 800w\" sizes=\"(max-width: 1500px) 100vw, 1500px\" \/><\/div><\/div><div class=\"eut-element eut-image-text\" style=\"margin-bottom: 0px;\"><div class=\"eut-image\"><img width=\"1500\" height=\"1000\" src=\"https:\/\/www.creativodigital.net\/home\/wp-content\/uploads\/2016\/05\/img_servicios_pagina.png\" class=\"attachment-full size-full\" alt=\"\" decoding=\"async\" loading=\"lazy\" srcset=\"https:\/\/www.creativodigital.net\/home\/wp-content\/uploads\/2016\/05\/img_servicios_pagina.png 1500w, https:\/\/www.creativodigital.net\/home\/wp-content\/uploads\/2016\/05\/img_servicios_pagina-300x200.png 300w, https:\/\/www.creativodigital.net\/home\/wp-content\/uploads\/2016\/05\/img_servicios_pagina-768x512.png 768w, https:\/\/www.creativodigital.net\/home\/wp-content\/uploads\/2016\/05\/img_servicios_pagina-1024x683.png 1024w\" sizes=\"(max-width: 1500px) 100vw, 1500px\" \/><\/div>  <div class=\"eut-content eut-align-left\"><h3>Dise\u00f1o de Sitio Web<\/h3>  <p>Es como tu negocio virtual, abierto siempre, a todo el mundo.<br \/>\nInternet es mucho m\u00e1s que s\u00f3lo una \u201cP\u00e1gina Web\u201d; es una plataforma bidireccional de comunicaci\u00f3n de la empresa con personas a trav\u00e9s de diferentes canales de comunicaci\u00f3n, es comercio electr\u00f3nico y canales de relaci\u00f3n directa con clientes y proveedores, es marketing y publicidad. En resumen, es una poderosa herramienta de ventas, comunicaci\u00f3n y publicidad que funciona 365 d\u00edas al a\u00f1o, las 24 horas del d\u00eda.<\/p>  <\/div><\/div><div class=\"eut-element eut-image-text\" style=\"margin-bottom: 0px;\">  <div class=\"eut-content eut-align-right\"><h3>Dise\u00f1o e Ilustraci\u00f3n<\/h3>  <p>El dise\u00f1o gr\u00e1fico es el uso de formas, colores, s\u00edmbolos y tipograf\u00edas para comunicar mensajes de cualquier tipo. Podemos decir que es la comunicaci\u00f3n creativa mediante el uso de la imagen.<br \/>\nDamos vida a tus ideas<br \/>\n&#8211; Dise\u00f1o editorial<br \/>\n&#8211; Dise\u00f1o grafico<br \/>\n&#8211; Dise\u00f1o de Personajes \/ Mascotas<br \/>\n&#8211; Dise\u00f1o de concepto para eventos<\/p>\n<p><\/p>  <\/div><div class=\"eut-image\"><img width=\"1498\" height=\"1016\" src=\"https:\/\/www.creativodigital.net\/home\/wp-content\/uploads\/2016\/05\/img_servicios_ilustracion.png\" class=\"attachment-full size-full\" alt=\"\" decoding=\"async\" loading=\"lazy\" srcset=\"https:\/\/www.creativodigital.net\/home\/wp-content\/uploads\/2016\/05\/img_servicios_ilustracion.png 1498w, https:\/\/www.creativodigital.net\/home\/wp-content\/uploads\/2016\/05\/img_servicios_ilustracion-300x203.png 300w, https:\/\/www.creativodigital.net\/home\/wp-content\/uploads\/2016\/05\/img_servicios_ilustracion-768x521.png 768w, https:\/\/www.creativodigital.net\/home\/wp-content\/uploads\/2016\/05\/img_servicios_ilustracion-1024x695.png 1024w\" sizes=\"(max-width: 1498px) 100vw, 1498px\" \/><\/div><\/div><div class=\"eut-element eut-image-text\" style=\"margin-bottom: 0px;\"><div class=\"eut-image\"><img width=\"1920\" height=\"1280\" src=\"https:\/\/www.creativodigital.net\/home\/wp-content\/uploads\/2015\/07\/Drone_DJI_Creativo.jpg\" class=\"attachment-full size-full\" alt=\"Video con Drone Calidad 4K\" decoding=\"async\" loading=\"lazy\" srcset=\"https:\/\/www.creativodigital.net\/home\/wp-content\/uploads\/2015\/07\/Drone_DJI_Creativo.jpg 1920w, https:\/\/www.creativodigital.net\/home\/wp-content\/uploads\/2015\/07\/Drone_DJI_Creativo-300x200.jpg 300w, https:\/\/www.creativodigital.net\/home\/wp-content\/uploads\/2015\/07\/Drone_DJI_Creativo-768x512.jpg 768w, https:\/\/www.creativodigital.net\/home\/wp-content\/uploads\/2015\/07\/Drone_DJI_Creativo-1024x683.jpg 1024w\" sizes=\"(max-width: 1920px) 100vw, 1920px\" \/><\/div>  <div class=\"eut-content eut-align-left\"><h3>Video Institucional<\/h3>  <p>Comunicaci\u00f3n visual efectiva<\/p>\n<p>El video institucional es una poderosa herramienta de comunicaci\u00f3n audiovisual, que presenta de forma amena la filosof\u00eda de una empresa, sus servicios o productos destacando la capacidad y los valores positivos m\u00e1s importantes que marcan la diferencia de la compa\u00f1\u00eda con respecto a su competencia.<br \/>\n&#8211; Producci\u00f3n de video profesional<br \/>\n&#8211; Narraci\u00f3n con locutores expertos (espa\u00f1ol \/ ingl\u00e9s)<br \/>\n&#8211; Post producci\u00f3n, infograf\u00edas, efectos audiovisuales.<br \/>\n&#8211; Animaci\u00f3n 2D y 3D<br \/>\n&#8211; Tipos de videos: Institucional, de producto, procesos, publicitarios y de formaci\u00f3n (para capacitaci\u00f3n)<br \/>\n<\/p>  <\/div><\/div><div class=\"eut-element eut-image-text\" style=\"margin-bottom: 0px;\">  <div class=\"eut-content eut-align-right\"><h3>Fotograf\u00eda<\/h3>  <p>Tus productos se ver\u00e1n espectaculares<br \/>\nTipo de fotograf\u00eda:<br \/>\n&#8211; Institucional<br \/>\n&#8211; Productos<br \/>\n&#8211; Turismo<br \/>\n<\/p>  <\/div><div class=\"eut-image\"><img width=\"2400\" height=\"1600\" src=\"https:\/\/www.creativodigital.net\/home\/wp-content\/uploads\/2015\/07\/Foto_Editorial.jpg\" class=\"attachment-full size-full\" alt=\"\" decoding=\"async\" loading=\"lazy\" srcset=\"https:\/\/www.creativodigital.net\/home\/wp-content\/uploads\/2015\/07\/Foto_Editorial.jpg 2400w, https:\/\/www.creativodigital.net\/home\/wp-content\/uploads\/2015\/07\/Foto_Editorial-300x200.jpg 300w, https:\/\/www.creativodigital.net\/home\/wp-content\/uploads\/2015\/07\/Foto_Editorial-768x512.jpg 768w, https:\/\/www.creativodigital.net\/home\/wp-content\/uploads\/2015\/07\/Foto_Editorial-1024x683.jpg 1024w, https:\/\/www.creativodigital.net\/home\/wp-content\/uploads\/2015\/07\/Foto_Editorial-1920x1280.jpg 1920w\" sizes=\"(max-width: 2400px) 100vw, 2400px\" \/><\/div><\/div><div class=\"eut-element eut-image-text\" style=\"margin-bottom: 0px;\"><div class=\"eut-image\"><img width=\"2250\" height=\"1265\" src=\"https:\/\/www.creativodigital.net\/home\/wp-content\/uploads\/2015\/07\/Render.jpg\" class=\"attachment-full size-full\" alt=\"\" decoding=\"async\" loading=\"lazy\" srcset=\"https:\/\/www.creativodigital.net\/home\/wp-content\/uploads\/2015\/07\/Render.jpg 2250w, https:\/\/www.creativodigital.net\/home\/wp-content\/uploads\/2015\/07\/Render-300x169.jpg 300w, https:\/\/www.creativodigital.net\/home\/wp-content\/uploads\/2015\/07\/Render-768x432.jpg 768w, https:\/\/www.creativodigital.net\/home\/wp-content\/uploads\/2015\/07\/Render-1024x576.jpg 1024w, https:\/\/www.creativodigital.net\/home\/wp-content\/uploads\/2015\/07\/Render-1170x658.jpg 1170w, https:\/\/www.creativodigital.net\/home\/wp-content\/uploads\/2015\/07\/Render-800x450.jpg 800w, https:\/\/www.creativodigital.net\/home\/wp-content\/uploads\/2015\/07\/Render-1920x1079.jpg 1920w\" sizes=\"(max-width: 2250px) 100vw, 2250px\" \/><\/div>  <div class=\"eut-content eut-align-left\"><h3>Visualizaci\u00f3n Arquitect\u00f3nica 3D<\/h3>  <p>Con la visualizaci\u00f3n arquitect\u00f3nica puedes darte el lujo de ensayar estructuras, materiales, iluminaci\u00f3n y acabados de forma virtual, antes de construir, minimizando riesgos y bajando costos. Esta herramienta maximizar\u00e1 el \u00e9xito de cualquier proyecto arquitect\u00f3nico o proceso industrial. Tu proyecto completo, antes de construirlo.<\/p>\n<p>Una buena visualizaci\u00f3n evoca sensaciones, habla de colores, de estados de \u00e1nimo, de recuerdos; aumenta el valor del dise\u00f1o y la comunicaci\u00f3n, ayuda a los clientes, accionistas, contratistas y otras personas involucradas en el proceso de dise\u00f1o y de ejecuci\u00f3n, para entender mejor la intenci\u00f3n y la belleza del dise\u00f1o.<br \/>\n&#8211; Render Fotorealista (imagen fija)<br \/>\n&#8211; Recorrido virtual (video)<br \/>\n<\/p>  <\/div><\/div><div class=\"eut-element eut-image-text\" style=\"margin-bottom: 0px;\">  <div class=\"eut-content eut-align-right\"><h3>Impresi\u00f3n Papeler\u00eda Corporativa<\/h3>  <p>La papeler\u00eda corporativa es todo el material que se emplea para comunicar un mensaje de manera eficiente al interior y exterior de su empresa, negocio, servicio y\/o productos, utilizando aplicaciones como:<\/p>\n<p>&#8211; Folletos Corporativos con diferentes acabados<br \/>\n&#8211; Carpetas<br \/>\n&#8211; Tr\u00edpticos<br \/>\n&#8211; Tarjetas de presentaci\u00f3n<br \/>\n&#8211; Volantes<br \/>\n&#8211; Etc.<br \/>\n<\/p>  <\/div><div class=\"eut-image\"><img width=\"1500\" height=\"1050\" src=\"https:\/\/www.creativodigital.net\/home\/wp-content\/uploads\/2016\/05\/img_servicios_impresion.png\" class=\"attachment-full size-full\" alt=\"\" decoding=\"async\" loading=\"lazy\" srcset=\"https:\/\/www.creativodigital.net\/home\/wp-content\/uploads\/2016\/05\/img_servicios_impresion.png 1500w, https:\/\/www.creativodigital.net\/home\/wp-content\/uploads\/2016\/05\/img_servicios_impresion-300x210.png 300w, https:\/\/www.creativodigital.net\/home\/wp-content\/uploads\/2016\/05\/img_servicios_impresion-768x538.png 768w, https:\/\/www.creativodigital.net\/home\/wp-content\/uploads\/2016\/05\/img_servicios_impresion-1024x717.png 1024w\" sizes=\"(max-width: 1500px) 100vw, 1500px\" \/><\/div><\/div><div class=\"eut-element eut-hr \" style=\"\"><div class=\"eut-dashed-line-divider\"><\/div><\/div>[\/vc_column][\/vc_row][vc_row heading_color=\u00bborange\u00bb][vc_column]<div class=\"eut-element eut-callout eut-btn-bottom\" style=\"\">  <div class=\"eut-callout-wrapper\"><h3 class=\"eut-callout-content\">\u00bfTienes alg\u00fan proyecto?<\/h3>    <p class=\"eut-leader-text\">Contactanos y permitenos ayudarte con la imagen de tu proyecto. Uno de nuestros ejecutivos se pondr\u00e1 en contacto con usted.<\/p>  <\/div>  <div class=\"eut-button-wrapper\"><a class=\"eut-btn eut-btn-medium eut-square eut-bg-primary-1 eut-btn-line\" href=\"mailto:produccion@creativodigital.net\" target=\"_self\" style=\"\"><span>Solicitar Informaci\u00f3n<\/span><\/a>  <\/div><\/div>[\/vc_column][\/vc_row]<\/p>\n<\/section>","protected":false},"excerpt":{"rendered":"<p>[vc_row heading_color=\u00bbprimary-1&#8243; section_type=\u00bbfullwidth-element\u00bb flex_height=\u00bbyes\u00bb][vc_column][\/vc_column][\/vc_row][vc_row heading_color=\u00bborange\u00bb][vc_column][\/vc_column][\/vc_row]<\/p>\n","protected":false},"author":1,"featured_media":0,"parent":0,"menu_order":0,"comment_status":"closed","ping_status":"closed","template":"","meta":{"footnotes":""},"yoast_head":"<title>Soluciones - Creativo: Agencia de Dise\u00f1o<\/title>\n<meta name=\"robots\" content=\"index, follow, max-snippet:-1, max-image-preview:large, max-video-preview:-1\" \/>\n<link rel=\"canonical\" href=\"https:\/\/www.creativodigital.net\/home\/servicios\/\" \/>\n<meta property=\"og:locale\" content=\"es_ES\" \/>\n<meta property=\"og:type\" content=\"article\" \/>\n<meta property=\"og:title\" content=\"Soluciones - Creativo: Agencia de Dise\u00f1o\" \/>\n<meta property=\"og:description\" content=\"[vc_row heading_color=\u00bbprimary-1&#8243; section_type=\u00bbfullwidth-element\u00bb flex_height=\u00bbyes\u00bb][vc_column][\/vc_column][\/vc_row][vc_row heading_color=\u00bborange\u00bb][vc_column][\/vc_column][\/vc_row]\" \/>\n<meta property=\"og:url\" content=\"https:\/\/www.creativodigital.net\/home\/servicios\/\" \/>\n<meta property=\"og:site_name\" content=\"Creativo: Agencia de Dise\u00f1o\" \/>\n<meta property=\"article:modified_time\" content=\"2016-10-08T16:03:22+00:00\" \/>\n<meta name=\"twitter:card\" content=\"summary_large_image\" \/>\n<meta name=\"twitter:label1\" content=\"Tiempo de lectura\" \/>\n\t<meta name=\"twitter:data1\" content=\"4 minutos\" \/>\n<script type=\"application\/ld+json\" class=\"yoast-schema-graph\">{\"@context\":\"https:\/\/schema.org\",\"@graph\":[{\"@type\":\"WebPage\",\"@id\":\"https:\/\/www.creativodigital.net\/home\/servicios\/\",\"url\":\"https:\/\/www.creativodigital.net\/home\/servicios\/\",\"name\":\"Soluciones - Creativo: Agencia de Dise\u00f1o\",\"isPartOf\":{\"@id\":\"https:\/\/www.creativodigital.net\/home\/#website\"},\"datePublished\":\"2016-05-17T21:38:06+00:00\",\"dateModified\":\"2016-10-08T16:03:22+00:00\",\"breadcrumb\":{\"@id\":\"https:\/\/www.creativodigital.net\/home\/servicios\/#breadcrumb\"},\"inLanguage\":\"es\",\"potentialAction\":[{\"@type\":\"ReadAction\",\"target\":[\"https:\/\/www.creativodigital.net\/home\/servicios\/\"]}]},{\"@type\":\"BreadcrumbList\",\"@id\":\"https:\/\/www.creativodigital.net\/home\/servicios\/#breadcrumb\",\"itemListElement\":[{\"@type\":\"ListItem\",\"position\":1,\"name\":\"Portada\",\"item\":\"https:\/\/www.creativodigital.net\/home\/\"},{\"@type\":\"ListItem\",\"position\":2,\"name\":\"Soluciones\"}]},{\"@type\":\"WebSite\",\"@id\":\"https:\/\/www.creativodigital.net\/home\/#website\",\"url\":\"https:\/\/www.creativodigital.net\/home\/\",\"name\":\"Creativo: Agencia de Dise\u00f1o\",\"description\":\"Somos una agencia de dise\u00f1o, nos especializamos en imagen corporativa, dise\u00f1o web, multimedia y visualizaciones arquitectonicas 3D\",\"potentialAction\":[{\"@type\":\"SearchAction\",\"target\":{\"@type\":\"EntryPoint\",\"urlTemplate\":\"https:\/\/www.creativodigital.net\/home\/?s={search_term_string}\"},\"query-input\":\"required name=search_term_string\"}],\"inLanguage\":\"es\"}]}<\/script>","yoast_head_json":{"title":"Soluciones - Creativo: Agencia de Dise\u00f1o","robots":{"index":"index","follow":"follow","max-snippet":"max-snippet:-1","max-image-preview":"max-image-preview:large","max-video-preview":"max-video-preview:-1"},"canonical":"https:\/\/www.creativodigital.net\/home\/servicios\/","og_locale":"es_ES","og_type":"article","og_title":"Soluciones - Creativo: Agencia de Dise\u00f1o","og_description":"[vc_row heading_color=\u00bbprimary-1&#8243; section_type=\u00bbfullwidth-element\u00bb flex_height=\u00bbyes\u00bb][vc_column][\/vc_column][\/vc_row][vc_row heading_color=\u00bborange\u00bb][vc_column][\/vc_column][\/vc_row]","og_url":"https:\/\/www.creativodigital.net\/home\/servicios\/","og_site_name":"Creativo: Agencia de Dise\u00f1o","article_modified_time":"2016-10-08T16:03:22+00:00","twitter_card":"summary_large_image","twitter_misc":{"Tiempo de lectura":"4 minutos"},"schema":{"@context":"https:\/\/schema.org","@graph":[{"@type":"WebPage","@id":"https:\/\/www.creativodigital.net\/home\/servicios\/","url":"https:\/\/www.creativodigital.net\/home\/servicios\/","name":"Soluciones - Creativo: Agencia de Dise\u00f1o","isPartOf":{"@id":"https:\/\/www.creativodigital.net\/home\/#website"},"datePublished":"2016-05-17T21:38:06+00:00","dateModified":"2016-10-08T16:03:22+00:00","breadcrumb":{"@id":"https:\/\/www.creativodigital.net\/home\/servicios\/#breadcrumb"},"inLanguage":"es","potentialAction":[{"@type":"ReadAction","target":["https:\/\/www.creativodigital.net\/home\/servicios\/"]}]},{"@type":"BreadcrumbList","@id":"https:\/\/www.creativodigital.net\/home\/servicios\/#breadcrumb","itemListElement":[{"@type":"ListItem","position":1,"name":"Portada","item":"https:\/\/www.creativodigital.net\/home\/"},{"@type":"ListItem","position":2,"name":"Soluciones"}]},{"@type":"WebSite","@id":"https:\/\/www.creativodigital.net\/home\/#website","url":"https:\/\/www.creativodigital.net\/home\/","name":"Creativo: Agencia de Dise\u00f1o","description":"Somos una agencia de dise\u00f1o, nos especializamos en imagen corporativa, dise\u00f1o web, multimedia y visualizaciones arquitectonicas 3D","potentialAction":[{"@type":"SearchAction","target":{"@type":"EntryPoint","urlTemplate":"https:\/\/www.creativodigital.net\/home\/?s={search_term_string}"},"query-input":"required name=search_term_string"}],"inLanguage":"es"}]}},"_links":{"self":[{"href":"https:\/\/www.creativodigital.net\/home\/wp-json\/wp\/v2\/pages\/6450"}],"collection":[{"href":"https:\/\/www.creativodigital.net\/home\/wp-json\/wp\/v2\/pages"}],"about":[{"href":"https:\/\/www.creativodigital.net\/home\/wp-json\/wp\/v2\/types\/page"}],"author":[{"embeddable":true,"href":"https:\/\/www.creativodigital.net\/home\/wp-json\/wp\/v2\/users\/1"}],"replies":[{"embeddable":true,"href":"https:\/\/www.creativodigital.net\/home\/wp-json\/wp\/v2\/comments?post=6450"}],"version-history":[{"count":5,"href":"https:\/\/www.creativodigital.net\/home\/wp-json\/wp\/v2\/pages\/6450\/revisions"}],"predecessor-version":[{"id":6729,"href":"https:\/\/www.creativodigital.net\/home\/wp-json\/wp\/v2\/pages\/6450\/revisions\/6729"}],"wp:attachment":[{"href":"https:\/\/www.creativodigital.net\/home\/wp-json\/wp\/v2\/media?parent=6450"}],"curies":[{"name":"wp","href":"https:\/\/api.w.org\/{rel}","templated":true}]}}